{"id":1171,"date":"2024-11-25T05:27:50","date_gmt":"2024-11-25T05:27:50","guid":{"rendered":"https:\/\/consultingfgc.com\/?page_id=1171"},"modified":"2024-11-25T06:35:40","modified_gmt":"2024-11-25T06:35:40","slug":"politica-de-privacidad","status":"publish","type":"page","link":"https:\/\/consultingfgc.com\/en\/politica-de-privacidad\/","title":{"rendered":"Pol\u00edtica de Privacidad"},"content":{"rendered":"<div data-elementor-type=\"wp-page\" data-elementor-id=\"1171\" class=\"elementor elementor-1171\">\n\t\t\t\t<div class=\"elementor-element elementor-element-91ef1eb e-flex e-con-boxed e-con e-parent\" data-id=\"91ef1eb\" data-element_type=\"container\" data-settings=\"{&quot;background_background&quot;:&quot;classic&quot;}\">\n\t\t\t\t\t<div class=\"e-con-inner\">\n\t\t<div class=\"elementor-element elementor-element-a5dd92f e-con-full e-flex e-con e-child\" data-id=\"a5dd92f\" data-element_type=\"container\">\n\t\t\t\t<div class=\"elementor-element elementor-element-0a5e3c7 elementor-widget elementor-widget-heading\" data-id=\"0a5e3c7\" data-element_type=\"widget\" data-widget_type=\"heading.default\">\n\t\t\t\t<div class=\"elementor-widget-container\">\n\t\t\t\t\t<h2 class=\"elementor-heading-title elementor-size-default\">Privacy Policy<\/h2>\t\t\t\t<\/div>\n\t\t\t\t<\/div>\n\t\t\t\t<div class=\"elementor-element elementor-element-2686691 elementor-widget elementor-widget-text-editor\" data-id=\"2686691\" data-element_type=\"widget\" data-widget_type=\"text-editor.default\">\n\t\t\t\t<div class=\"elementor-widget-container\">\n\t\t\t\t\t\t\t\t\t<p class=\"p1\">*Recuerda que no somos Abogados, No damos consejos legales.<\/p>\t\t\t\t\t\t\t\t<\/div>\n\t\t\t\t<\/div>\n\t\t\t\t<\/div>\n\t\t\t\t\t<\/div>\n\t\t\t\t<\/div>\n\t\t<div class=\"elementor-element elementor-element-ed7a16c e-flex e-con-boxed e-con e-parent\" data-id=\"ed7a16c\" data-element_type=\"container\">\n\t\t\t\t\t<div class=\"e-con-inner\">\n\t\t\t\t<div class=\"elementor-element elementor-element-e9332d6 elementor-widget__width-initial elementor-widget elementor-widget-text-editor\" data-id=\"e9332d6\" data-element_type=\"widget\" data-widget_type=\"text-editor.default\">\n\t\t\t\t<div class=\"elementor-widget-container\">\n\t\t\t\t\t\t\t\t\t<p><strong>Pol\u00edtica de Privacidad<\/strong><\/p><p><strong>\u00daltima actualizaci\u00f3n: [Fecha]<\/strong><\/p><p><strong>1. Introducci\u00f3n<\/strong><\/p><p>Bienvenido a <strong>Freedom Global Consulting<\/strong> (\u00abnosotros\u00bb, \u00abnuestro\u00bb o \u00abnos\u00bb). Nos comprometemos a proteger y respetar su privacidad. Esta Pol\u00edtica de Privacidad explica c\u00f3mo recopilamos, usamos, divulgamos y protegemos su informaci\u00f3n personal cuando visita nuestro sitio web y utiliza nuestros servicios.<\/p><p><strong>2. Informaci\u00f3n que Recopilamos<\/strong><\/p><p>Podemos recopilar y procesar los siguientes datos sobre usted:<\/p><ul><li><p>Informaci\u00f3n de contacto (nombre, direcci\u00f3n de correo electr\u00f3nico, n\u00famero de tel\u00e9fono).<\/p><\/li><li><p>Informaci\u00f3n demogr\u00e1fica (pa\u00eds de residencia, preferencias).<\/p><\/li><li><p>Informaci\u00f3n sobre el uso del sitio web (p\u00e1ginas visitadas, tiempo de visita).<\/p><\/li><\/ul><p><strong>3. C\u00f3mo Usamos Su Informaci\u00f3n<\/strong><\/p><p>Usamos la informaci\u00f3n que recopilamos para:<\/p><ul><li><p>Proporcionar y mejorar nuestros servicios.<\/p><\/li><li><p>Comunicarnos con usted sobre actualizaciones y ofertas.<\/p><\/li><li><p>Personalizar su experiencia en nuestro sitio web.<\/p><\/li><li><p>Cumplir con nuestras obligaciones legales y regulatorias.<\/p><\/li><\/ul><p><strong>4. Divulgaci\u00f3n de Su Informaci\u00f3n<\/strong><\/p><p>No compartimos su informaci\u00f3n personal con terceros, excepto en las siguientes circunstancias:<\/p><ul><li><p>Con su consentimiento expl\u00edcito.<\/p><\/li><li><p>Para cumplir con las leyes aplicables, regulaciones, procesos legales o solicitudes gubernamentales.<\/p><\/li><li><p>Para proteger nuestros derechos, propiedad o seguridad y la de nuestros usuarios.<\/p><\/li><\/ul><p><strong>5. Seguridad de la Informaci\u00f3n<\/strong><\/p><p>Implementamos medidas de seguridad adecuadas para proteger su informaci\u00f3n personal contra el acceso no autorizado, la alteraci\u00f3n, la divulgaci\u00f3n o la destrucci\u00f3n.<\/p><p><strong>6. Sus Derechos<\/strong><\/p><p>Usted tiene el derecho a acceder, corregir o eliminar su informaci\u00f3n personal en nuestro poder. Puede ejercer estos derechos poni\u00e9ndose en contacto con nosotros a trav\u00e9s de fgcusa1@gmail.com.<\/p><p><strong>7. Enlaces a Otros Sitios Web<\/strong><\/p><p>Nuestro sitio web puede contener enlaces a otros sitios web de inter\u00e9s. No somos responsables de las pr\u00e1cticas de privacidad ni del contenido de esos sitios.<\/p><p><strong>8. Cambios a Esta Pol\u00edtica de Privacidad<\/strong><\/p><p>Podemos actualizar esta Pol\u00edtica de Privacidad ocasionalmente. Le notificaremos cualquier cambio publicando la nueva Pol\u00edtica de Privacidad en esta p\u00e1gina.<\/p><p><strong>9. Contacto<\/strong><\/p><p>Si tiene alguna pregunta sobre esta Pol\u00edtica de Privacidad, comun\u00edquese con nosotros a trav\u00e9s de fgcusa1@gmail.com.<\/p><div>Gracias por confiar en nosotros.<\/div><div>Recuerda que no somos Abogados, No damos consejos legales.<\/div><div><b>Freedom Global Consulting<\/b><\/div><div>Orlando FL.<\/div><div>+1305 699 1180<\/div><div>Siguenos en Instagram @fgcusa1<\/div><div>\u00a0<\/div>\t\t\t\t\t\t\t\t<\/div>\n\t\t\t\t<\/div>\n\t\t\t\t\t<\/div>\n\t\t\t\t<\/div>\n\t\t\t\t<\/div>","protected":false},"excerpt":{"rendered":"<p>Pol\u00edtica de privacidad *Recuerda que no somos Abogados, No damos consejos legales. Pol\u00edtica de Privacidad \u00daltima actualizaci\u00f3n: [Fecha] 1. Introducci\u00f3n Bienvenido a Freedom Global Consulting (\u00abnosotros\u00bb, \u00abnuestro\u00bb o \u00abnos\u00bb). Nos comprometemos a proteger y respetar su privacidad. Esta Pol\u00edtica de Privacidad explica c\u00f3mo recopilamos, usamos, divulgamos y protegemos su informaci\u00f3n personal cuando visita nuestro sitio [&hellip;]<\/p>","protected":false},"author":2,"featured_media":0,"parent":0,"menu_order":0,"comment_status":"closed","ping_status":"closed","template":"elementor_header_footer","meta":{"footnotes":""},"class_list":["post-1171","page","type-page","status-publish","hentry"],"blocksy_meta":[],"yoast_head":"<!-- This site is optimized with the Yoast SEO plugin v25.8 - https:\/\/yoast.com\/wordpress\/plugins\/seo\/ -->\n<title>Pol\u00edtica de Privacidad &#187; Freedom Global Consulting<\/title>\n<meta name=\"robots\" content=\"index, follow, max-snippet:-1, max-image-preview:large, max-video-preview:-1\" \/>\n<link rel=\"canonical\" href=\"https:\/\/consultingfgc.com\/en\/politica-de-privacidad\/\" \/>\n<meta property=\"og:locale\" content=\"en_US\" \/>\n<meta property=\"og:type\" content=\"article\" \/>\n<meta property=\"og:title\" content=\"Pol\u00edtica de Privacidad &#187; Freedom Global Consulting\" \/>\n<meta property=\"og:description\" content=\"Pol\u00edtica de privacidad *Recuerda que no somos Abogados, No damos consejos legales. Pol\u00edtica de Privacidad \u00daltima actualizaci\u00f3n: [Fecha] 1. Introducci\u00f3n Bienvenido a Freedom Global Consulting (\u00abnosotros\u00bb, \u00abnuestro\u00bb o \u00abnos\u00bb). Nos comprometemos a proteger y respetar su privacidad. Esta Pol\u00edtica de Privacidad explica c\u00f3mo recopilamos, usamos, divulgamos y protegemos su informaci\u00f3n personal cuando visita nuestro sitio [&hellip;]\" \/>\n<meta property=\"og:url\" content=\"https:\/\/consultingfgc.com\/en\/politica-de-privacidad\/\" \/>\n<meta property=\"og:site_name\" content=\"Freedom Global Consulting\" \/>\n<meta property=\"article:modified_time\" content=\"2024-11-25T06:35:40+00:00\" \/>\n<meta property=\"og:image\" content=\"https:\/\/consultingfgc.com\/wp-content\/uploads\/2024\/11\/Designer-3.webp\" \/>\n\t<meta property=\"og:image:width\" content=\"1792\" \/>\n\t<meta property=\"og:image:height\" content=\"1024\" \/>\n\t<meta property=\"og:image:type\" content=\"image\/webp\" \/>\n<meta name=\"twitter:card\" content=\"summary_large_image\" \/>\n<meta name=\"twitter:label1\" content=\"Est. reading time\" \/>\n\t<meta name=\"twitter:data1\" content=\"2 minutes\" \/>\n<script type=\"application\/ld+json\" class=\"yoast-schema-graph\">{\"@context\":\"https:\/\/schema.org\",\"@graph\":[{\"@type\":\"WebPage\",\"@id\":\"https:\/\/consultingfgc.com\/politica-de-privacidad\/\",\"url\":\"https:\/\/consultingfgc.com\/politica-de-privacidad\/\",\"name\":\"Pol\u00edtica de Privacidad &#187; Freedom Global Consulting\",\"isPartOf\":{\"@id\":\"https:\/\/consultingfgc.com\/#website\"},\"datePublished\":\"2024-11-25T05:27:50+00:00\",\"dateModified\":\"2024-11-25T06:35:40+00:00\",\"breadcrumb\":{\"@id\":\"https:\/\/consultingfgc.com\/politica-de-privacidad\/#breadcrumb\"},\"inLanguage\":\"en-US\",\"potentialAction\":[{\"@type\":\"ReadAction\",\"target\":[\"https:\/\/consultingfgc.com\/politica-de-privacidad\/\"]}]},{\"@type\":\"BreadcrumbList\",\"@id\":\"https:\/\/consultingfgc.com\/politica-de-privacidad\/#breadcrumb\",\"itemListElement\":[{\"@type\":\"ListItem\",\"position\":1,\"name\":\"Inicio\",\"item\":\"https:\/\/consultingfgc.com\/\"},{\"@type\":\"ListItem\",\"position\":2,\"name\":\"Pol\u00edtica de Privacidad\"}]},{\"@type\":\"WebSite\",\"@id\":\"https:\/\/consultingfgc.com\/#website\",\"url\":\"https:\/\/consultingfgc.com\/\",\"name\":\"Freedom Global Consulting\",\"description\":\"Brindamos asesor\u00eda confiable en tr\u00e1mites migratorios, creaci\u00f3n de empresas, asesor\u00eda financiera y recuperaci\u00f3n de fondos en Estados Unidos\",\"publisher\":{\"@id\":\"https:\/\/consultingfgc.com\/#\/schema\/person\/43823081495b136adff909255f964526\"},\"alternateName\":\"FGC\",\"potentialAction\":[{\"@type\":\"SearchAction\",\"target\":{\"@type\":\"EntryPoint\",\"urlTemplate\":\"https:\/\/consultingfgc.com\/?s={search_term_string}\"},\"query-input\":{\"@type\":\"PropertyValueSpecification\",\"valueRequired\":true,\"valueName\":\"search_term_string\"}}],\"inLanguage\":\"en-US\"},{\"@type\":[\"Person\",\"Organization\"],\"@id\":\"https:\/\/consultingfgc.com\/#\/schema\/person\/43823081495b136adff909255f964526\",\"name\":\"fgcusa1@gmail.com\",\"image\":{\"@type\":\"ImageObject\",\"inLanguage\":\"en-US\",\"@id\":\"https:\/\/consultingfgc.com\/#\/schema\/person\/image\/\",\"url\":\"https:\/\/consultingfgc.com\/wp-content\/uploads\/2024\/11\/forme-1.svg\",\"contentUrl\":\"https:\/\/consultingfgc.com\/wp-content\/uploads\/2024\/11\/forme-1.svg\",\"width\":776,\"height\":776,\"caption\":\"fgcusa1@gmail.com\"},\"logo\":{\"@id\":\"https:\/\/consultingfgc.com\/#\/schema\/person\/image\/\"},\"sameAs\":[\"http:\/\/consultingfgc.com\"]}]}<\/script>\n<!-- \/ Yoast SEO plugin. -->","yoast_head_json":{"title":"Pol\u00edtica de Privacidad &#187; Freedom Global Consulting","robots":{"index":"index","follow":"follow","max-snippet":"max-snippet:-1","max-image-preview":"max-image-preview:large","max-video-preview":"max-video-preview:-1"},"canonical":"https:\/\/consultingfgc.com\/en\/politica-de-privacidad\/","og_locale":"en_US","og_type":"article","og_title":"Pol\u00edtica de Privacidad &#187; Freedom Global Consulting","og_description":"Pol\u00edtica de privacidad *Recuerda que no somos Abogados, No damos consejos legales. Pol\u00edtica de Privacidad \u00daltima actualizaci\u00f3n: [Fecha] 1. Introducci\u00f3n Bienvenido a Freedom Global Consulting (\u00abnosotros\u00bb, \u00abnuestro\u00bb o \u00abnos\u00bb). Nos comprometemos a proteger y respetar su privacidad. Esta Pol\u00edtica de Privacidad explica c\u00f3mo recopilamos, usamos, divulgamos y protegemos su informaci\u00f3n personal cuando visita nuestro sitio [&hellip;]","og_url":"https:\/\/consultingfgc.com\/en\/politica-de-privacidad\/","og_site_name":"Freedom Global Consulting","article_modified_time":"2024-11-25T06:35:40+00:00","og_image":[{"width":1792,"height":1024,"url":"https:\/\/consultingfgc.com\/wp-content\/uploads\/2024\/11\/Designer-3.webp","type":"image\/webp"}],"twitter_card":"summary_large_image","twitter_misc":{"Est. reading time":"2 minutes"},"schema":{"@context":"https:\/\/schema.org","@graph":[{"@type":"WebPage","@id":"https:\/\/consultingfgc.com\/politica-de-privacidad\/","url":"https:\/\/consultingfgc.com\/politica-de-privacidad\/","name":"Pol\u00edtica de Privacidad &#187; Freedom Global Consulting","isPartOf":{"@id":"https:\/\/consultingfgc.com\/#website"},"datePublished":"2024-11-25T05:27:50+00:00","dateModified":"2024-11-25T06:35:40+00:00","breadcrumb":{"@id":"https:\/\/consultingfgc.com\/politica-de-privacidad\/#breadcrumb"},"inLanguage":"en-US","potentialAction":[{"@type":"ReadAction","target":["https:\/\/consultingfgc.com\/politica-de-privacidad\/"]}]},{"@type":"BreadcrumbList","@id":"https:\/\/consultingfgc.com\/politica-de-privacidad\/#breadcrumb","itemListElement":[{"@type":"ListItem","position":1,"name":"Inicio","item":"https:\/\/consultingfgc.com\/"},{"@type":"ListItem","position":2,"name":"Pol\u00edtica de Privacidad"}]},{"@type":"WebSite","@id":"https:\/\/consultingfgc.com\/#website","url":"https:\/\/consultingfgc.com\/","name":"Freedom Global Consulting","description":"Brindamos asesor\u00eda confiable en tr\u00e1mites migratorios, creaci\u00f3n de empresas, asesor\u00eda financiera y recuperaci\u00f3n de fondos en Estados Unidos","publisher":{"@id":"https:\/\/consultingfgc.com\/#\/schema\/person\/43823081495b136adff909255f964526"},"alternateName":"FGC","potentialAction":[{"@type":"SearchAction","target":{"@type":"EntryPoint","urlTemplate":"https:\/\/consultingfgc.com\/?s={search_term_string}"},"query-input":{"@type":"PropertyValueSpecification","valueRequired":true,"valueName":"search_term_string"}}],"inLanguage":"en-US"},{"@type":["Person","Organization"],"@id":"https:\/\/consultingfgc.com\/#\/schema\/person\/43823081495b136adff909255f964526","name":"fgcusa1@gmail.com","image":{"@type":"ImageObject","inLanguage":"en-US","@id":"https:\/\/consultingfgc.com\/#\/schema\/person\/image\/","url":"https:\/\/consultingfgc.com\/wp-content\/uploads\/2024\/11\/forme-1.svg","contentUrl":"https:\/\/consultingfgc.com\/wp-content\/uploads\/2024\/11\/forme-1.svg","width":776,"height":776,"caption":"fgcusa1@gmail.com"},"logo":{"@id":"https:\/\/consultingfgc.com\/#\/schema\/person\/image\/"},"sameAs":["http:\/\/consultingfgc.com"]}]}},"_links":{"self":[{"href":"https:\/\/consultingfgc.com\/en\/wp-json\/wp\/v2\/pages\/1171","targetHints":{"allow":["GET"]}}],"collection":[{"href":"https:\/\/consultingfgc.com\/en\/wp-json\/wp\/v2\/pages"}],"about":[{"href":"https:\/\/consultingfgc.com\/en\/wp-json\/wp\/v2\/types\/page"}],"author":[{"embeddable":true,"href":"https:\/\/consultingfgc.com\/en\/wp-json\/wp\/v2\/users\/2"}],"replies":[{"embeddable":true,"href":"https:\/\/consultingfgc.com\/en\/wp-json\/wp\/v2\/comments?post=1171"}],"version-history":[{"count":19,"href":"https:\/\/consultingfgc.com\/en\/wp-json\/wp\/v2\/pages\/1171\/revisions"}],"predecessor-version":[{"id":1216,"href":"https:\/\/consultingfgc.com\/en\/wp-json\/wp\/v2\/pages\/1171\/revisions\/1216"}],"wp:attachment":[{"href":"https:\/\/consultingfgc.com\/en\/wp-json\/wp\/v2\/media?parent=1171"}],"curies":[{"name":"wp","href":"https:\/\/api.w.org\/{rel}","templated":true}]}}